{"id":5812,"date":"2022-05-22T12:51:02","date_gmt":"2022-05-22T09:51:02","guid":{"rendered":"https:\/\/ediazloveit.com\/ediaz\/?post_type=product&#038;p=5812"},"modified":"2025-12-06T22:12:37","modified_gmt":"2025-12-06T19:12:37","slug":"sun-and-moon-tanzanite-blue-bracelet","status":"publish","type":"product","link":"https:\/\/ediazloveit.com\/en\/shop\/gumus-b\/sun-and-moon-tanzanite-blue-bracelet\/","title":{"rendered":"Sun and Moon Tanzanite Blue Bracelet"},"content":{"rendered":"<p class=\"p1\">Centuries ago in Anatolia, thousands of different civilizations, thousands of ancient knowledge, rituals, healing skills, mythological archetypes with the inspiring energy of the sky have found their soul and embraced many victories, many wars and many lives in these lands. But unfortunately; although the superiority of women in the world was first recognized in these lands, they have lost their names, silhouettes, colors, smiles and their creative energies in these lands where they blossomed colorfully over time.  Over time, our women have become invisible, unheard and unloved in these lands.<\/p>\n<p class=\"p1\">Today, in the 21st century, while the silhouettes of women belonging to lost ancestors are unearthed as a result of archaeological excavations in Anatolian lands, our women living in the city life are searching for their lost selves inspired by their ancestors who lived centuries ago. She uses the guidance and miracles of the sky to make sense of her journey of self-search.<\/p>\n<p class=\"p1\">He remembers his ancient knowledge! He becomes enlightened, awakens and<span class=\"Apple-converted-space\">\u00a0 <\/span>awakens, meets the creative energy within, and remembers its power with all its cells.<\/p>\n<p class=\"p1\">The Sky and Woman collection was created in the imagination of a woman in search of herself, in this time period where the past and the future merge, in this land, combining the feminine energy of women with the symbols of the sky and specially prepared stones, resulting in a collection prepared as a mystical and powerful visual show.<\/p>\n<p class=\"p1\">The different symbolic details of each piece are remarkable and designed with care and meticulousness.<\/p>\n<p class=\"p1\">'Sky and Woman'<\/p>\n<p class=\"p1\">Toprak alt\u0131ndan \u00e7\u0131kan ve ruhunu g\u00f6ky\u00fcz\u00fcnde bulmaya \u00e7al\u0131\u015fan kad\u0131nlara ilham olmas\u0131 dile\u011fiyle sizlerle bulu\u015fuyor. Kolye , K\u00fcpe , Bileklik ve Y\u00fcz\u00fck par\u00e7alar\u0131 ile nesillerden nesillere aktarabilecek bir tasar\u0131md\u0131r.<\/p>\n<p class=\"p1\">It is packed with a special Fluffy Clutch bag.<\/p>\n<p class=\"p1\">925 Sterling Silver<\/p>\n<p class=\"p1\">1000 micron 24 K Gold Plated<\/p>\n<p class=\"p1\">7.70 Carat Nanogems Tanzanite Blue<span class=\"Apple-converted-space\">\u00a0 <\/span>(Recycle)<\/p>\n<p class=\"p1\">20 cm Uzunluk<\/p>\n<p class=\"p1\">The production process of the design is estimated at 3-5 working days.<\/p>\n<p class=\"p1\">Please write to us in case the design is out of stock.<\/p>","protected":false},"excerpt":{"rendered":"<p class=\"p1\">Centuries ago in Anatolia, thousands of different civilizations, thousands of ancient knowledge, rituals, healing skills, mythological archetypes with the inspiring energy of the sky have found their soul and embraced many victories, many wars and many lives in these lands.<\/p>","protected":false},"featured_media":5813,"comment_status":"open","ping_status":"closed","template":"","meta":{"inline_featured_image":false},"product_cat":[100,200],"product_tag":[153],"_links":{"self":[{"href":"https:\/\/ediazloveit.com\/en\/wp-json\/wp\/v2\/product\/5812"}],"collection":[{"href":"https:\/\/ediazloveit.com\/en\/wp-json\/wp\/v2\/product"}],"about":[{"href":"https:\/\/ediazloveit.com\/en\/wp-json\/wp\/v2\/types\/product"}],"replies":[{"embeddable":true,"href":"https:\/\/ediazloveit.com\/en\/wp-json\/wp\/v2\/comments?post=5812"}],"wp:featuredmedia":[{"embeddable":true,"href":"https:\/\/ediazloveit.com\/en\/wp-json\/wp\/v2\/media\/5813"}],"wp:attachment":[{"href":"https:\/\/ediazloveit.com\/en\/wp-json\/wp\/v2\/media?parent=5812"}],"wp:term":[{"taxonomy":"product_cat","embeddable":true,"href":"https:\/\/ediazloveit.com\/en\/wp-json\/wp\/v2\/product_cat?post=5812"},{"taxonomy":"product_tag","embeddable":true,"href":"https:\/\/ediazloveit.com\/en\/wp-json\/wp\/v2\/product_tag?post=5812"}],"curies":[{"name":"wp","href":"https:\/\/api.w.org\/{rel}","templated":true}]}}