{"id":4855,"date":"2020-12-21T09:23:28","date_gmt":"2020-12-21T06:23:28","guid":{"rendered":"http:\/\/ediazloveit.com\/?post_type=product&#038;p=4855"},"modified":"2025-12-06T21:43:19","modified_gmt":"2025-12-06T18:43:19","slug":"the-stars","status":"publish","type":"product","link":"https:\/\/ediazloveit.com\/en\/shop\/altin\/the-stars\/","title":{"rendered":"The Stars"},"content":{"rendered":"<p class=\"p1\">Imagine having stardust on your wrists, you are at the computer and every time you touch your keyboard it is with you, you are drinking your favorite cocktail it is with you, you are in an important meeting your stars are with you, you wish for your wish and you ask the stars for luck they are always with you...<\/p>\n<p class=\"p1\">Zarif , parlakl\u0131\u011f\u0131 ile g\u00f6ky\u00fcz\u00fc \u0131\u015f\u0131lt\u0131s\u0131n\u0131 sizin yan\u0131 ba\u015f\u0131n\u0131za getiriyor.<span class=\"Apple-converted-space\">\u00a0 <\/span>Arad\u0131\u011f\u0131n\u0131z bileklik mi ? Kesinlikle evet Ediaz \u2018da sizi bekliyor.<\/p>\n<p class=\"p3\">Material : 14 K Gold<\/p>\n<p class=\"p3\">Stone: Swarovski<\/p>\n<p class=\"p3\">Grams : 4.01<\/p>","protected":false},"excerpt":{"rendered":"<p>Imagine having stardust on your wrists, you are at the computer and every time you touch your keyboard it is with you, you are drinking your favorite cocktail it is with you, you are in an important meeting your stars are with you, you wish for your wish and you ask the stars for luck they are always with you...<\/p>","protected":false},"featured_media":5667,"comment_status":"closed","ping_status":"closed","template":"","meta":{"inline_featured_image":false},"product_cat":[199,205],"product_tag":[],"_links":{"self":[{"href":"https:\/\/ediazloveit.com\/en\/wp-json\/wp\/v2\/product\/4855"}],"collection":[{"href":"https:\/\/ediazloveit.com\/en\/wp-json\/wp\/v2\/product"}],"about":[{"href":"https:\/\/ediazloveit.com\/en\/wp-json\/wp\/v2\/types\/product"}],"replies":[{"embeddable":true,"href":"https:\/\/ediazloveit.com\/en\/wp-json\/wp\/v2\/comments?post=4855"}],"wp:featuredmedia":[{"embeddable":true,"href":"https:\/\/ediazloveit.com\/en\/wp-json\/wp\/v2\/media\/5667"}],"wp:attachment":[{"href":"https:\/\/ediazloveit.com\/en\/wp-json\/wp\/v2\/media?parent=4855"}],"wp:term":[{"taxonomy":"product_cat","embeddable":true,"href":"https:\/\/ediazloveit.com\/en\/wp-json\/wp\/v2\/product_cat?post=4855"},{"taxonomy":"product_tag","embeddable":true,"href":"https:\/\/ediazloveit.com\/en\/wp-json\/wp\/v2\/product_tag?post=4855"}],"curies":[{"name":"wp","href":"https:\/\/api.w.org\/{rel}","templated":true}]}}