{"id":4929,"date":"2021-02-21T22:32:29","date_gmt":"2021-02-21T22:32:29","guid":{"rendered":"https:\/\/ediazloveit.com\/ediaz\/?page_id=4929"},"modified":"2022-05-30T13:30:52","modified_gmt":"2022-05-30T10:30:52","slug":"kvkk-pdpl","status":"publish","type":"page","link":"https:\/\/ediazloveit.com\/en\/kvkk-pdpl\/","title":{"rendered":"KVKK &#8211; PDPL"},"content":{"rendered":"<p><strong>Ki\u015fisel Verilerin Korunmas\u0131 ve \u0130\u015flenmesi Hakk\u0131nda Ayd\u0131nlatma Metni<\/strong><\/p>\n<p>Ki\u015fisel verileriniz bizim i\u00e7in \u00f6nemlidir. Ki\u015fisel verilerinizin i\u015flenmesi s\u00fcre\u00e7lerinde ki\u015fisel verilerinizin hukuka ayk\u0131r\u0131 olarak kullan\u0131lmas\u0131n\u0131 \u00f6nlemek ve muhafazas\u0131n\u0131 sa\u011flamak i\u00e7in, mevzuat uyar\u0131nca uygun g\u00fcvenlik d\u00fczeyini sa\u011flamak ad\u0131na gerekli tedbirler al\u0131nmaktad\u0131r.<\/p>\n<p>&nbsp;<\/p>\n<p><strong>VER\u0130 SORUMLUSU<\/strong><\/p>\n<p>\u0130\u015fbu Ki\u015fisel Verilerin Korunmas\u0131 ve \u0130\u015flenmesi Hakk\u0131nda Ayd\u0131nlatma Metni\u00a0<em>(\u201cAyd\u0131nlatma Metni\u201d)<\/em>\u00a0Ki\u015fisel Verilerin Korunmas\u0131 Kanunu\u00a0<em>(\u201cKanun\u201d)<\/em>\u00a0ve Ayd\u0131nlatma Y\u00fck\u00fcml\u00fcl\u00fc\u011f\u00fcn\u00fcn Yerine Getirilmesinde Uygulanacak Usul ve Esaslar Hakk\u0131nda Tebli\u011f\u00a0<em>(\u201cTebli\u011f\u201d)<\/em>\u00a0kapsam\u0131nda\u00a0 \u201cVeri Sorumlusu\u201d s\u0131fat\u0131yla Ediaz Kuyumculuk San. Tic. Ltd. \u015eti.\u00a0<em>(\u201c\u015eirket\u201d)<\/em>\u00a0taraf\u0131ndan haz\u0131rlanm\u0131\u015ft\u0131r.<\/p>\n<p>&nbsp;<\/p>\n<p><strong>Ticari Unvan\u0131:\u00a0<\/strong>Ediaz Kuyumculuk San. Tic. Ltd. \u015eti<\/p>\n<p><strong>MERS\u0130S No<\/strong>: 0324082608700001<\/p>\n<p><strong>Address:\u00a0<\/strong>Yenibosna Merkez Mah. Ladin sok. Kuyumcukent Apt. No:4M\/6015 Bah\u00e7elievler\/\u0130stanbul<\/p>\n<p><strong>Telefon<\/strong>:<\/p>\n<p><strong>E-Posta<\/strong>:<\/p>\n<p>\u015eirketimize sa\u011flam\u0131\u015f oldu\u011funuz TCKN, ad, soyad, cinsiyet, do\u011fum tarihi, evlilik y\u0131l d\u00f6n\u00fcm\u00fcn\u00fcz, , cep telefonunuz, e-posta adresiniz, adres bilgileriniz, al\u0131\u015fveri\u015f bilgileriniz, faydalan\u0131lan kampanyalar ve kuponlar, kullan\u0131lan cihaz t\u00fcr\u00fc, IP adresiniz, \u00fcyelik yap\u0131lmas\u0131 halinde \u00fcyelik bilgileriniz, y\u00fcz\u00fck \u00f6l\u00e7\u00fcs\u00fc verileriniz Kanun\u2019a ve ilgili mevzuata uygun olarak tamamen veya k\u0131smen otomatik olan ya da herhangi bir veri kay\u0131t sisteminin par\u00e7as\u0131 olmak kayd\u0131yla otomatik olmayan yollarla i\u015flenmektedir.<\/p>\n<p>&nbsp;<\/p>\n<p><strong>K\u0130\u015e\u0130SEL VER\u0130LER\u0130N \u0130\u015eLEME AMA\u00c7LARI<\/strong><\/p>\n<p>Ki\u015fisel Verileriniz, \u00fcr\u00fcn ve hizmetlerimizin sunulmas\u0131, \u00fcr\u00fcn ve hizmetlerimizi tan\u0131t\u0131lmas\u0131, \u00e7e\u015fitlendirilmesi ve geli\u015ftirilmesi, sat\u0131\u015f sonras\u0131 destek hizmetlerinin sa\u011flanmas\u0131, ald\u0131\u011f\u0131n\u0131z\/alaca\u011f\u0131n\u0131z \u00fcr\u00fcn ve hizmetlere ili\u015fkin taraf\u0131n\u0131zla ileti\u015fim kurulabilmesi, \u00fcyelik i\u015flemlerinin ger\u00e7ekle\u015ftirilmesi ve \u00fcyelik haklar\u0131ndan yararland\u0131r\u0131lmas\u0131, m\u00fc\u015fteri kay\u0131tlar\u0131na ili\u015fkin sorular\u0131n cevaplanmas\u0131, yeni \u00fcr\u00fcn \u00e7al\u0131\u015fmalar\u0131 yap\u0131lmas\u0131, \u00fcr\u00fcnlere ili\u015fkin geri sat\u0131\u015f imkan\u0131n\u0131n m\u00fc\u015fterilere sunulabilmesi, belirli kalite standard\u0131n\u0131n sa\u011flanmas\u0131,\u00a0 taraf\u0131n\u0131zla akdetti\u011fimiz s\u00f6zle\u015fmeler uyar\u0131nca \u00fcstlenilen y\u00fck\u00fcml\u00fcl\u00fcklerimizi ifa edilmesi,\u00a0 pazarlama analiz \u00e7al\u0131\u015fmalar\u0131n\u0131n y\u00fcr\u00fct\u00fclmesi, \u00f6zel tercihlerinize ve ilgi alanlar\u0131n\u0131za y\u00f6nelik \u00e7al\u0131\u015fmalar, reklamlar ve g\u00f6sterimler yap\u0131lmas\u0131, fatura ve muhasebe kay\u0131tlar\u0131n\u0131n olu\u015fturulmas\u0131, \u00fcr\u00fcn ve hizmetlerin ba\u011fl\u0131l\u0131k s\u00fcre\u00e7lerinin y\u00fcr\u00fct\u00fclmesi, m\u00fc\u015fteri ili\u015fkileri y\u00f6netimi s\u00fcre\u00e7lerinin y\u00fcr\u00fct\u00fclmesi, m\u00fc\u015fteri memnuniyetine y\u00f6nelik aktivitelerin y\u00fcr\u00fct\u00fclmesi, talep, \u00f6neri ve \u015fikayetlerinizin takibi ve de\u011ferlendirilmesi, reklam-tan\u0131t\u0131m-promosyon s\u00fcre\u00e7lerinin y\u00fcr\u00fct\u00fclmesi, web sitemiz \u00fczerinden kullan\u0131c\u0131 deneyiminin art\u0131r\u0131lmas\u0131, onay vermeniz halinde \u00fcyelik uygulamalar\u0131 ama\u00e7l\u0131 yap\u0131lacak elektronik ve di\u011fer ticari-sosyal ileti\u015fimlerin ger\u00e7ekle\u015ftirilmesi, analiz ve \u015firket i\u00e7i raporlama faaliyetlerinin y\u00fcr\u00fct\u00fclmesi, i\u015flem g\u00fcvenli\u011finin sa\u011flanmas\u0131, hukuki ve yasal y\u00fck\u00fcml\u00fcl\u00fcklerimizin yerine getirilmesi ama\u00e7lar\u0131yla i\u015flenebilecektir.<\/p>\n<p>&nbsp;<\/p>\n<p>&nbsp;<\/p>\n<p><strong>K\u0130\u015e\u0130SEL VER\u0130LER\u0130N\u0130Z\u0130N AKTARILDI\u011eI TARAFLAR VE AKTARMA AMA\u00c7LARI<\/strong><\/p>\n<p>Ki\u015fisel Verileriniz, Kanun\u2019un temel ilkelere uygun olarak yukar\u0131da say\u0131lan \u201cKi\u015fisel Verilerin \u0130\u015fleme Ama\u00e7lar\u0131\u201d dahilinde, yurt i\u00e7inde ve yurt d\u0131\u015f\u0131nda bulunan i\u015f ortaklar\u0131m\u0131z, tedarik\u00e7ilerimiz, i\u015ftiraklerimiz, hissedarlar\u0131m\u0131z, topluluk \u015firketlerimiz, denetim \u015firketleri, \u00f6deme kurulu\u015flar\u0131, kanunen yetkili kamu kurum ve kurulu\u015flar\u0131, kanunen yetkili \u00f6zel hukuk ki\u015fileri ile payla\u015f\u0131labilecektir.<\/p>\n<p>&nbsp;<\/p>\n<p><strong>K\u0130\u015e\u0130SEL VER\u0130LER\u0130N\u0130Z\u0130N TOPLAMA Y\u00d6NTEM\u0130 VE HUKUK\u0130 SEBEB\u0130<\/strong><\/p>\n<p>Ki\u015fisel Verileriniz, sanal ma\u011fazaya (www.ediazloveit.com) \u00fcye olma a\u015famas\u0131nda, sanal ma\u011fazadan \u00fcye olmadan sipari\u015f ger\u00e7ekle\u015ftirilmesi s\u00fcrecinde, \u015eirketimizin sundu\u011fu \u00fcr\u00fcn ve hizmetleri kullanmak i\u00e7in do\u011frudan \u015eirketimizin ya da \u015eirketimizin yurt i\u00e7inden veya yurt d\u0131\u015f\u0131ndan destek hizmeti ald\u0131\u011f\u0131 kurulu\u015flar arac\u0131l\u0131\u011f\u0131yla yapm\u0131\u015f oldu\u011funuz ba\u015fvurular esnas\u0131nda, \u015eirketimizin sahibi oldu\u011fu ya da hizmet ald\u0131\u011f\u0131 \u00e7a\u011fr\u0131 merkeziyle yap\u0131lan g\u00f6r\u00fc\u015fmelerde, \u00fcr\u00fcn ve hizmet s\u00f6zle\u015fmeleri kurulurken, kendi b\u00fcnyemizde ya da yetkilendirdi\u011fi firmalarca a\u00e7\u0131lan ma\u011fazalarda, sertifikasyon ve \u00fcr\u00fcn\/hizmet garanti kay\u0131tlar\u0131 esnas\u0131nda i\u015fitsel, elektronik veya yaz\u0131l\u0131 olarak toplanabilmektedir.<\/p>\n<p>Ayr\u0131ca Ki\u015fisel Verileriniz Kanun\u2019un 5. maddesinde belirtilen ve a\u015fa\u011f\u0131da say\u0131lan hukuki sebeplere dayal\u0131 olarak i\u015flenmektedir.\u00a0<strong>Kanun uyar\u0131nca a\u015fa\u011f\u0131da say\u0131lan ki\u015fisel veri i\u015fleme \u015fartlar\u0131n\u0131n varl\u0131\u011f\u0131 halinde, a\u00e7\u0131k r\u0131zan\u0131z al\u0131nmaks\u0131z\u0131n ki\u015fisel verileriniz i\u015flenebilecektir.<\/strong><\/p>\n<ul>\n<li>Kanunlarda a\u00e7\u0131k\u00e7a \u00f6ng\u00f6r\u00fclmesi<\/li>\n<li>Bir s\u00f6zle\u015fmenin kurulmas\u0131 veya ifas\u0131yla do\u011frudan do\u011fruya ilgili olmas\u0131 kayd\u0131yla, s\u00f6zle\u015fmenin taraflar\u0131na ait ki\u015fisel verilerin i\u015flenmesinin gerekli olmas\u0131<\/li>\n<li>Veri sorumlusunun hukuki y\u00fck\u00fcml\u00fcl\u00fc\u011f\u00fcn\u00fc yerine getirebilmesi i\u00e7in zorunlu olmas\u0131<\/li>\n<li>Bir hakk\u0131n tesisi, kullan\u0131lmas\u0131 veya korunmas\u0131 i\u00e7in veri i\u015flemenin zorunlu olmas\u0131<\/li>\n<li>\u0130lgili ki\u015finin temel hak ve \u00f6zg\u00fcrl\u00fcklerine zarar vermemek kayd\u0131yla, veri sorumlusunun me\u015fru menfaatleri i\u00e7in veri i\u015flenmesinin zorunlu olmas\u0131<\/li>\n<\/ul>\n<p>Yukar\u0131da say\u0131lan ki\u015fisel veri i\u015fleme \u015fartlar\u0131n\u0131n olmad\u0131\u011f\u0131 hallerde\u00a0 kisisel veri i\u015fleme faaliyetleri i\u00e7in m\u00fc\u015fterilerin a\u00e7\u0131k r\u0131zalar\u0131n\u0131n al\u0131nd\u0131\u011f\u0131n\u0131 ve a\u00e7\u0131k r\u0131za olmaks\u0131z\u0131n i\u015fleme faaliyeti yap\u0131lmad\u0131\u011f\u0131n\u0131 bildiririz.<\/p>\n<p>&nbsp;<\/p>\n<p><strong>A\u00c7IK RIZA<\/strong><\/p>\n<p>Ki\u015fisel verileriniz, \u00a0Ayd\u0131nlatma Metni kapsam\u0131nda i\u015flenmektedir. A\u00e7\u0131k r\u0131zam\u0131n aran\u0131d\u0131\u011f\u0131 hallerde, ki\u015fisel verilerimin Ayd\u0131nlatma Metni\u2019nde belirtilen esaslar uyar\u0131nca i\u015flenmesini ve Ayd\u0131nlatma Metni\u2019nde belirtilen \u00fc\u00e7\u00fcnc\u00fc ki\u015filere aktar\u0131lmas\u0131n\u0131 kabul ediyorum.<\/p>\n<p>&nbsp;<\/p>\n<p><strong>K\u0130\u015e\u0130SEL VER\u0130 SAH\u0130B\u0130N\u0130N HAKLARI<\/strong><\/p>\n<p>Ki\u015fisel verilerinizin i\u015flenmesi ile ilgili olarak veri sorumlusu s\u0131fat\u0131yla Ediaz\u2019a ba\u015fvurarak 6698 say\u0131l\u0131 Ki\u015fisel Verilerin Korunmas\u0131 Kanunu\u2019nun 11. Maddesi uyar\u0131nca a\u015fa\u011f\u0131daki haklardan istifade edebilirsiniz:<\/p>\n<ol>\n<li>Ki\u015fisel verinizin i\u015flenip i\u015flenmedi\u011fini \u00f6\u011frenme,<\/li>\n<li>Ki\u015fisel veriniz i\u015flenmi\u015fse buna ili\u015fkin bilgi talep etme,<\/li>\n<li>Ki\u015fisel verilerinizin i\u015flenme amac\u0131n\u0131 ve bunlar\u0131n amac\u0131na uygun kullan\u0131l\u0131p kullan\u0131lmad\u0131\u011f\u0131n\u0131 \u00f6\u011frenme,<\/li>\n<li>Yurt i\u00e7inde veya yurt d\u0131\u015f\u0131nda ki\u015fisel verilerinizin aktar\u0131ld\u0131\u011f\u0131 \u00fc\u00e7\u00fcnc\u00fc ki\u015fileri bilme,<\/li>\n<li>Ki\u015fisel verilerinizin eksik veya yanl\u0131\u015f i\u015flenmi\u015f olmas\u0131 h\u00e2linde bunlar\u0131n d\u00fczeltilmesini isteme,<\/li>\n<li>Kanun\u2019un 7. Maddesinde \u00f6ng\u00f6r\u00fclen \u015fartlar \u00e7er\u00e7evesinde ki\u015fisel verilerinizin silinmesini veya yok edilmesini isteme,<\/li>\n<li>Yukar\u0131da yer alan (d) ve (e) bentleri uyar\u0131nca yap\u0131lan i\u015flemlerin, ki\u015fisel verilerinizin aktar\u0131ld\u0131\u011f\u0131 \u00fc\u00e7\u00fcnc\u00fc ki\u015filere bildirilmesini isteme,<\/li>\n<li>\u0130\u015flenen verilerin m\u00fcnhas\u0131ran otomatik sistemler vas\u0131tas\u0131yla analiz edilmesi suretiyle taraf\u0131n\u0131z aleyhine bir sonucun ortaya \u00e7\u0131kmas\u0131na itiraz etme,<\/li>\n<li>Ki\u015fisel verilerinizin Kanun\u2019a ayk\u0131r\u0131 olarak i\u015flenmesi sebebiyle zarara u\u011framan\u0131z h\u00e2linde zarar\u0131n giderilmesini talep etme,<\/li>\n<\/ol>\n<p>&nbsp;<\/p>\n<p>Kanun\u2019un \u201cilgili ki\u015finin haklar\u0131n\u0131 d\u00fczenleyen\u201d 11 inci maddesi kapsam\u0131ndaki taleplerinizi \u015eirketimizin taleplerinizi Yenibosna Merkez Mah. Ladin sok. Kuyumcukent Apt. No:4M\/6015 Bah\u00e7elievler\/\u0130stanbul adresine yaz\u0131l\u0131 olarak veya\u00a0 e-posta adresimize g\u00fcvenli elektronik imza ile ya da Veri Sorumlusuna Ba\u015fvuru Usul ve Esaslar\u0131 Hakk\u0131nda Tebli\u011f\u2019de belirtilen di\u011fer y\u00f6ntemlerle \u015eirketimize iletebilirsiniz.<\/p>\n<p>\u015eirketimiz i\u015fbu Ayd\u0131nlatma Metni\u2019nin y\u00fcr\u00fcrl\u00fckteki mevzuatta yap\u0131labilecek de\u011fi\u015fiklikler \u00e7er\u00e7evesinde her zaman g\u00fcncelleme hakk\u0131n\u0131 sakl\u0131 tutar.<\/p>\n<hr \/>\n<p class=\"p1\"><strong>Clarification Text on the Protection and Processing of Personal Data(Law)<\/strong><\/p>\n<p class=\"p1\">Your personal data is important to us. During the processing of your personal data, necessary measures are taken to ensure the appropriate level of security in accordance with the legislation in order to prevent the unlawful use of your personal data and to ensure its preservation.<\/p>\n<p class=\"p1\"><strong>Person that Responsable of Data<\/strong><\/p>\n<p class=\"p1\">Hereby, the Enlightenment Text on the Protection and Processing of Personal Data (\u201cClarification Text\u201d), as a \u201cData Controller\u201d within the scope of the Law on the Protection of Personal Data (\u201cLaw\u201d) and the Communiqu\u00e9 on the Procedures and Principles to be Applied in Fulfilling the Clarification Obligation (&#8220;Communiqu\u00e9&#8221;) by Ediaz Kuyumculuk San. Tic. Ltd. \u015eti. (\u201cthe Company\u201d).<\/p>\n<p class=\"p1\">Trade Name: Ediaz Kuyumculuk San. Tic. Ltd. \u015eti<\/p>\n<p class=\"p1\">Central Registration System\u00a0No: 0324082608700001<\/p>\n<p class=\"p1\">Address: Yenibosna Merkez Mah. Ladin sok. Kuyumcukent Apt. No:4M\/6015 Bah\u00e7elievler\/\u0130stanbul<\/p>\n<p class=\"p1\">Turkish ID number, ID number, FID number, name, surname, gender, date of birth, marriage year, mobile phone, e-mail address, address information, shopping information, campaigns and coupons you have provided to our company, type of device used, IP address, In case of membership, your membership information and ring size data are processed fully or partially automatically or non-automatically, provided that they are part of any data recording system, in accordance with the Law and the relevant legislation.<\/p>\n<p class=\"p1\"><strong>PURPOSE OF PROCESSING PERSONAL DATA.<\/strong><\/p>\n<p class=\"p1\">Your Personal Data, the presentation of our products and services, the promotion, diversification and development of our products and services, the provision of after-sales support services, the ability to communicate with you regarding the products and services you have purchased\/will receive, the realization of membership transactions and the use of membership rights, answering questions regarding customer records, new product to carry out studies, to offer the opportunity to sell back products to customers, ensuring a certain quality standard, fulfilling our obligations in accordance with the contracts we have concluded with you, conducting marketing analysis studies, studies for your special preferences and interests, making advertisements and displays, creating invoice and accounting records, conducting loyalty processes for products and services, conducting customer relationship management processes carrying out activities for customer satisfaction, tracking and evaluating your requests, suggestions and complaints, to carry out advertisement-promotion-promotion processes, to increase the user experience on our website, to carry out electronic and other commercial-social communications for membership applications, if you give your consent, to carry out analysis and internal reporting activities, to ensure transaction security, and to fulfill our legal and legal obligations. can be processed.<\/p>\n<p class=\"p1\"><strong>THE PARTIES TO WHICH YOUR PERSONAL DATA IS TRANSFERRED AND THE PURPOSE OF TRANSFER<\/strong><\/p>\n<p class=\"p1\">Your Personal Data, our business partners, suppliers, affiliates, shareholders, group companies, audit companies, payment institutions, legally authorized public institutions and organizations in Turkey and abroad, within the scope of the &#8220;Purposes of Processing Personal Data&#8221; listed above, in accordance with the fundamental principles of the Law. may be shared with legally authorized private legal persons.<\/p>\n<p class=\"p1\"><strong>THE COLLECTION METHOD OF YOUR PERSONAL DATA AND THE LEGAL REASON<\/strong><\/p>\n<p class=\"p1\">Your Personal Data, at the stage of becoming a member of the virtual store (www.ediazloveit.com), during the process of ordering without being a member from the virtual store, during your applications to use the products and services offered by our Company directly or through the organizations from which our Company receives domestic or foreign support services. It can be collected in audio, electronic or written form during the meetings held with the call center owned or serviced by our company, while establishing product and service contracts, during certification and product\/service warranty registrations, in stores opened by ourselves or by authorized companies.<\/p>\n<p class=\"p1\">In addition, your Personal Data is processed based on the legal reasons specified in Article 5 of the Law and listed below. In accordance with the Law, in the presence of the personal data processing conditions listed below, your personal data may be processed without your explicit consent.<\/p>\n<p class=\"p1\">Clearly stipulated in the law<\/p>\n<p class=\"p1\">It is necessary to process the personal data of the parties to the contract, provided that it is directly related to the establishment or performance of a contract<\/p>\n<p class=\"p1\">Obligatory for the data controller to fulfill its legal obligation<\/p>\n<p class=\"p1\">Data processing is mandatory for the establishment, exercise or protection of a right<\/p>\n<p class=\"p1\">It is necessary to process data for the legitimate interests of the data controller, provided that it does not harm the fundamental rights and freedoms of the data subject.<\/p>\n<p class=\"p1\">In the absence of the above-mentioned personal data processing conditions, we declare that the express consent of the customers is obtained for the personal data processing activities and that the processing activities are not carried out without the express consent.<\/p>\n<p class=\"p1\"><strong>OPEN CONSENT<\/strong><\/p>\n<p class=\"p1\">Your personal data is processed within the scope of the Disclosure Text. In cases where my express consent is sought, I accept that my personal data is processed in accordance with the principles set forth in the Enlightenment Text and transferred to third parties specified in the Enlightenment Text.<\/p>\n<p class=\"p1\"><strong>RIGHTS OF THE PERSONAL DATA OWNER<\/strong><\/p>\n<p class=\"p1\">You can benefit from the following rights in accordance with Article 11 of the Law on the Protection of Personal Data No. 6698 by applying to Ediaz as a data controller regarding the processing of your personal data:<\/p>\n<p class=\"p1\">-Learning whether your personal data is processed or not,<\/p>\n<p class=\"p1\">-If your personal data has been processed, requesting information regarding this,<\/p>\n<p class=\"p1\">-Learning the purpose of processing your personal data and whether they are used in accordance with the purpose,<\/p>\n<p class=\"p1\">-Knowing the third parties to whom your personal data is transferred, in the country or abroad,<\/p>\n<p class=\"p1\">-If your personal data is incomplete or incorrectly processed, requesting their correction,<\/p>\n<p class=\"p1\">-To request the deletion or destruction of your personal data within the framework of the conditions set forth in Article 7 of the Law,<\/p>\n<p class=\"p1\">-Requesting notification of the transactions made in accordance with subparagraphs (d) and (e) above, to third parties to whom your personal data has been transferred,<\/p>\n<p class=\"p1\">-Objecting to the emergence of a result against you by analyzing the processed data exclusively through automated systems,<\/p>\n<p class=\"p1\">-To request the compensation of the damage in case you suffer damage due to the unlawful processing of your personal data,<\/p>\n<p class=\"p1\">You can send your requests within the scope of Article 11 of the Law &#8220;regulating the rights of the person concerned&#8221; to our Company in writing to Yenibosna Merkez Mah. Ladin sok. Kuyumcukent Apt. No:4M\/6015 Bah\u00e7elievler\/Istanbul, or to our e-mail address with a secure electronic signature or by other methods specified in the Communiqu\u00e9 on Application Procedures and Principles to Data Controller.<\/p>\n<p class=\"p1\">Our company reserves the right to update this Clarification Text at any time within the framework of changes that may be made in the current legislation.<\/p>","protected":false},"excerpt":{"rendered":"<p>Ki\u015fisel Verilerin Korunmas\u0131 ve \u0130\u015flenmesi Hakk\u0131nda Ayd\u0131nlatma Metni Ki\u015fisel verileriniz bizim i\u00e7in \u00f6nemlidir. Ki\u015fisel verilerinizin i\u015flenmesi s\u00fcre\u00e7lerinde ki\u015fisel verilerinizin hukuka ayk\u0131r\u0131 olarak kullan\u0131lmas\u0131n\u0131 \u00f6nlemek ve muhafazas\u0131n\u0131 sa\u011flamak i\u00e7in, mevzuat uyar\u0131nca uygun g\u00fcvenlik d\u00fczeyini sa\u011flamak ad\u0131na gerekli tedbirler al\u0131nmaktad\u0131r. &nbsp; VER\u0130 [&hellip;]<\/p>","protected":false},"author":1,"featured_media":0,"parent":0,"menu_order":0,"comment_status":"closed","ping_status":"closed","template":"","meta":{"inline_featured_image":false,"footnotes":""},"_links":{"self":[{"href":"https:\/\/ediazloveit.com\/en\/wp-json\/wp\/v2\/pages\/4929"}],"collection":[{"href":"https:\/\/ediazloveit.com\/en\/wp-json\/wp\/v2\/pages"}],"about":[{"href":"https:\/\/ediazloveit.com\/en\/wp-json\/wp\/v2\/types\/page"}],"author":[{"embeddable":true,"href":"https:\/\/ediazloveit.com\/en\/wp-json\/wp\/v2\/users\/1"}],"replies":[{"embeddable":true,"href":"https:\/\/ediazloveit.com\/en\/wp-json\/wp\/v2\/comments?post=4929"}],"version-history":[{"count":3,"href":"https:\/\/ediazloveit.com\/en\/wp-json\/wp\/v2\/pages\/4929\/revisions"}],"predecessor-version":[{"id":5873,"href":"https:\/\/ediazloveit.com\/en\/wp-json\/wp\/v2\/pages\/4929\/revisions\/5873"}],"wp:attachment":[{"href":"https:\/\/ediazloveit.com\/en\/wp-json\/wp\/v2\/media?parent=4929"}],"curies":[{"name":"wp","href":"https:\/\/api.w.org\/{rel}","templated":true}]}}