{"id":4916,"date":"2021-02-21T19:20:42","date_gmt":"2021-02-21T19:20:42","guid":{"rendered":"https:\/\/ediazloveit.com\/ediaz\/?page_id=4916"},"modified":"2023-10-25T16:58:28","modified_gmt":"2023-10-25T13:58:28","slug":"shopping-cart","status":"publish","type":"page","link":"https:\/\/ediazloveit.com\/en\/shopping-cart\/","title":{"rendered":"ALI\u015eVER\u0130\u015e SEPET\u0130"},"content":{"rendered":"","protected":false},"excerpt":{"rendered":"","protected":false},"author":1,"featured_media":0,"parent":0,"menu_order":0,"comment_status":"closed","ping_status":"closed","template":"","meta":{"inline_featured_image":false,"footnotes":""},"_links":{"self":[{"href":"https:\/\/ediazloveit.com\/en\/wp-json\/wp\/v2\/pages\/4916"}],"collection":[{"href":"https:\/\/ediazloveit.com\/en\/wp-json\/wp\/v2\/pages"}],"about":[{"href":"https:\/\/ediazloveit.com\/en\/wp-json\/wp\/v2\/types\/page"}],"author":[{"embeddable":true,"href":"https:\/\/ediazloveit.com\/en\/wp-json\/wp\/v2\/users\/1"}],"replies":[{"embeddable":true,"href":"https:\/\/ediazloveit.com\/en\/wp-json\/wp\/v2\/comments?post=4916"}],"version-history":[{"count":3,"href":"https:\/\/ediazloveit.com\/en\/wp-json\/wp\/v2\/pages\/4916\/revisions"}],"predecessor-version":[{"id":6105,"href":"https:\/\/ediazloveit.com\/en\/wp-json\/wp\/v2\/pages\/4916\/revisions\/6105"}],"wp:attachment":[{"href":"https:\/\/ediazloveit.com\/en\/wp-json\/wp\/v2\/media?parent=4916"}],"curies":[{"name":"wp","href":"https:\/\/api.w.org\/{rel}","templated":true}]}}